{"id":224196,"date":"2024-09-26T11:26:01","date_gmt":"2024-09-26T09:26:01","guid":{"rendered":"https:\/\/www.eatology.fr\/mentions-legales-en\/"},"modified":"2024-09-30T16:37:05","modified_gmt":"2024-09-30T14:37:05","slug":"legal-notices","status":"publish","type":"page","link":"https:\/\/www.eatology.fr\/en\/legal-notices\/","title":{"rendered":"Legal Notices"},"content":{"rendered":"<p>[et_pb_section fb_built=&#8221;1&#8243; module_class=&#8221;eat-section-special-padding-top-first&#8221; _builder_version=&#8221;4.16&#8243; inner_width_tablet=&#8221;50px&#8221; inner_max_width_tablet=&#8221;100px&#8221; inner_max_width_phone=&#8221;50px&#8221; z_index_tablet=&#8221;500&#8243; box_shadow_horizontal_tablet=&#8221;0px&#8221; box_shadow_vertical_tablet=&#8221;0px&#8221; box_shadow_blur_tablet=&#8221;40px&#8221; box_shadow_spread_tablet=&#8221;0px&#8221; global_colors_info=&#8221;{}&#8221;][et_pb_row _builder_version=&#8221;4.16&#8243; background_size=&#8221;initial&#8221; background_position=&#8221;top_left&#8221; background_repeat=&#8221;repeat&#8221; global_colors_info=&#8221;{}&#8221; column_structure=&#8221;1_5,3_5,1_5&#8243;][et_pb_column type=&#8221;1_5&#8243; _builder_version=&#8221;4.16&#8243; custom_padding=&#8221;|||&#8221; global_colors_info=&#8221;{}&#8221; custom_padding__hover=&#8221;|||&#8221;][\/et_pb_column][et_pb_column type=&#8221;3_5&#8243; _builder_version=&#8221;4.16&#8243; custom_padding=&#8221;|||&#8221; global_colors_info=&#8221;{}&#8221; custom_padding__hover=&#8221;|||&#8221;][et_pb_text _builder_version=&#8221;4.20.4&#8243; hover_enabled=&#8221;0&#8243; z_index_tablet=&#8221;500&#8243; text_text_shadow_horizontal_length_tablet=&#8221;0px&#8221; text_text_shadow_vertical_length_tablet=&#8221;0px&#8221; text_text_shadow_blur_strength_tablet=&#8221;1px&#8221; link_text_shadow_horizontal_length_tablet=&#8221;0px&#8221; link_text_shadow_vertical_length_tablet=&#8221;0px&#8221; link_text_shadow_blur_strength_tablet=&#8221;1px&#8221; ul_text_shadow_horizontal_length_tablet=&#8221;0px&#8221; ul_text_shadow_vertical_length_tablet=&#8221;0px&#8221; ul_text_shadow_blur_strength_tablet=&#8221;1px&#8221; ol_text_shadow_horizontal_length_tablet=&#8221;0px&#8221; ol_text_shadow_vertical_length_tablet=&#8221;0px&#8221; ol_text_shadow_blur_strength_tablet=&#8221;1px&#8221; quote_text_shadow_horizontal_length_tablet=&#8221;0px&#8221; quote_text_shadow_vertical_length_tablet=&#8221;0px&#8221; quote_text_shadow_blur_strength_tablet=&#8221;1px&#8221; header_text_shadow_horizontal_length_tablet=&#8221;0px&#8221; header_text_shadow_vertical_length_tablet=&#8221;0px&#8221; header_text_shadow_blur_strength_tablet=&#8221;1px&#8221; header_2_text_shadow_horizontal_length_tablet=&#8221;0px&#8221; header_2_text_shadow_vertical_length_tablet=&#8221;0px&#8221; header_2_text_shadow_blur_strength_tablet=&#8221;1px&#8221; header_3_text_shadow_horizontal_length_tablet=&#8221;0px&#8221; header_3_text_shadow_vertical_length_tablet=&#8221;0px&#8221; header_3_text_shadow_blur_strength_tablet=&#8221;1px&#8221; header_4_text_shadow_horizontal_length_tablet=&#8221;0px&#8221; header_4_text_shadow_vertical_length_tablet=&#8221;0px&#8221; header_4_text_shadow_blur_strength_tablet=&#8221;1px&#8221; header_5_text_shadow_horizontal_length_tablet=&#8221;0px&#8221; header_5_text_shadow_vertical_length_tablet=&#8221;0px&#8221; header_5_text_shadow_blur_strength_tablet=&#8221;1px&#8221; header_6_text_shadow_horizontal_length_tablet=&#8221;0px&#8221; header_6_text_shadow_vertical_length_tablet=&#8221;0px&#8221; header_6_text_shadow_blur_strength_tablet=&#8221;1px&#8221; box_shadow_horizontal_tablet=&#8221;0px&#8221; box_shadow_vertical_tablet=&#8221;0px&#8221; box_shadow_blur_tablet=&#8221;40px&#8221; box_shadow_spread_tablet=&#8221;0px&#8221; global_colors_info=&#8221;{}&#8221; sticky_enabled=&#8221;0&#8243;]<\/p>\n<h1>Legal Notices<\/h1>\n<p>[\/et_pb_text][et_pb_text _builder_version=&#8221;4.20.4&#8243; text_orientation=&#8221;justified&#8221; hover_enabled=&#8221;0&#8243; z_index_tablet=&#8221;500&#8243; text_text_shadow_horizontal_length_tablet=&#8221;0px&#8221; text_text_shadow_vertical_length_tablet=&#8221;0px&#8221; text_text_shadow_blur_strength_tablet=&#8221;1px&#8221; link_text_shadow_horizontal_length_tablet=&#8221;0px&#8221; link_text_shadow_vertical_length_tablet=&#8221;0px&#8221; link_text_shadow_blur_strength_tablet=&#8221;1px&#8221; ul_text_shadow_horizontal_length_tablet=&#8221;0px&#8221; ul_text_shadow_vertical_length_tablet=&#8221;0px&#8221; ul_text_shadow_blur_strength_tablet=&#8221;1px&#8221; ol_text_shadow_horizontal_length_tablet=&#8221;0px&#8221; ol_text_shadow_vertical_length_tablet=&#8221;0px&#8221; ol_text_shadow_blur_strength_tablet=&#8221;1px&#8221; quote_text_shadow_horizontal_length_tablet=&#8221;0px&#8221; quote_text_shadow_vertical_length_tablet=&#8221;0px&#8221; quote_text_shadow_blur_strength_tablet=&#8221;1px&#8221; header_text_shadow_horizontal_length_tablet=&#8221;0px&#8221; header_text_shadow_vertical_length_tablet=&#8221;0px&#8221; header_text_shadow_blur_strength_tablet=&#8221;1px&#8221; header_2_text_shadow_horizontal_length_tablet=&#8221;0px&#8221; header_2_text_shadow_vertical_length_tablet=&#8221;0px&#8221; header_2_text_shadow_blur_strength_tablet=&#8221;1px&#8221; header_3_text_shadow_horizontal_length_tablet=&#8221;0px&#8221; header_3_text_shadow_vertical_length_tablet=&#8221;0px&#8221; header_3_text_shadow_blur_strength_tablet=&#8221;1px&#8221; header_4_text_shadow_horizontal_length_tablet=&#8221;0px&#8221; header_4_text_shadow_vertical_length_tablet=&#8221;0px&#8221; header_4_text_shadow_blur_strength_tablet=&#8221;1px&#8221; header_5_text_shadow_horizontal_length_tablet=&#8221;0px&#8221; header_5_text_shadow_vertical_length_tablet=&#8221;0px&#8221; header_5_text_shadow_blur_strength_tablet=&#8221;1px&#8221; header_6_text_shadow_horizontal_length_tablet=&#8221;0px&#8221; header_6_text_shadow_vertical_length_tablet=&#8221;0px&#8221; header_6_text_shadow_blur_strength_tablet=&#8221;1px&#8221; box_shadow_horizontal_tablet=&#8221;0px&#8221; box_shadow_vertical_tablet=&#8221;0px&#8221; box_shadow_blur_tablet=&#8221;40px&#8221; box_shadow_spread_tablet=&#8221;0px&#8221; global_colors_info=&#8221;{}&#8221; sticky_enabled=&#8221;0&#8243;]<\/p>\n<h2>1. Limitation of Liability<\/h2>\n<p>Eatology has prepared the content of this site with care and expertise. However, Eatology does not expressly or implicitly guarantee the nature or accuracy of the information contained on this site and shall not be held liable for any loss arising from the use of this site. This limitation of liability does not exclude the liabilities to which Eatology is bound by applicable law. Eatology is a registered trademark. Consequently, it is not permitted to use or distribute in any way the Eatology brand and logo without the express permission of Marie Blanche Healthy Food Company. Users must respect trademark rights at all times, even when not logged in.<\/p>\n<h2>2. Responsibilities<\/h2>\n<p>Eatology cannot be held responsible in any way for the content transmitted by users through our site. If users transmit information, images, texts, videos, photographs, messages, software, sound, or any content through the eatology.fr site, and this content becomes public; it remains under the full responsibility of the user. Regarding the content of eatology.fr, Eatology reserves the right, at its sole discretion (without obligation), to refuse or remove any Content available via the Service. Furthermore, Eatology, or any person or entity designated by this company, shall have the right to delete or remove any Content that violates the terms of this document or is objectionable in any way. Users also acknowledge that they must exercise discretion and bear all risks associated with their use of the Content, especially when relying on the relevance, utility, or completeness of this Content. Consequently, users acknowledge that they cannot rely on the Content submitted to eatology.fr available in all parts of the site. Additionally, users must commit not to behave like &#8220;pirates&#8221; or &#8220;hackers,&#8221; that is, to disrupt the content and use of the site in a way that transmits a message while benefiting from Eatology&#8217;s reputation.<\/p>\n<h2>3. Guarantees<\/h2>\n<p>Users acknowledge and expressly agree that:<br \/>\n1 &#8211; It is at their own risk that they use the Eatology site, which offers content accessible &#8220;as is&#8221; depending on the quality of the internet network. Eatology does not provide any express or implied guarantee regarding the quality and compatibility of the site for specific uses by the user.<br \/>\n2 &#8211; In no way can Eatology guarantee that the site will meet the user&#8217;s expectations nor that no errors will occur during the use of the services on the site or while viewing the pages providing content.<br \/>\n3 &#8211; Eatology does not guarantee that the results, information, or services obtained are free from any errors or defects.<br \/>\n4 &#8211; The advice and information, whether written or oral, obtained by users during their use of the eatology.fr site do not create any guarantees not expressly provided by law.<\/p>\n<h2>4. Limitation of Guarantees of eatology.fr<\/h2>\n<p>Eatology.fr is also dependent on the quality of the Internet network. Therefore, Eatology does not guarantee the reliability of the Service and does not ensure the correction of any defects found on the Internet network.<\/p>\n<h2>5. Links<\/h2>\n<p>The Service may offer links to other websites or internet sources. To the extent that it cannot control these external sites and sources, Eatology informs users that it cannot be held responsible for the availability of these sites and external sources, and cannot bear any responsibility for the Content, advertisements, products, services, or any other material available on or from these external sites or sources. Eatology also informs users that it cannot be held liable for any actual or alleged damages or losses resulting from or in connection with the use of, or reliance on the Content, goods, or services available on these external sites or sources.<\/p>\n<h2>6. Site Modification<\/h2>\n<p>At any time, Eatology has the right to modify, temporarily interrupt, or permanently discontinue the site in whole or in part without prior notice to users; knowing that its liability cannot be engaged in any way and by anyone.<\/p>\n<h2>7. Respect for Privacy and Personal Data<\/h2>\n<p>In accordance with the Data Protection Act of January 6, 1978, you have the right to access and rectify your personal data. If you wish to exercise this right and obtain information about yourself, please contact Eatology. You may also, for legitimate reasons, oppose the processing of your data. We will delete all information concerning you from our database.<br \/>\n<!--Right of access and modification of your data This site has been declared to the CNIL under number xxx xxx. The file created in the \"Newsletter\" section has been declared to the CNIL and is registered under number xxxxxxx.--><\/p>\n<h2>8. Use of Cookies<\/h2>\n<p>Cookies do not allow us to identify you but generally collect information during your visit to the website. This will allow us to know which parts of the site interest you. Eatology can then better understand your interests and provide you with information tailored to your needs. These &#8220;cookies&#8221; will also prevent you from having to provide information you have already communicated, as they will remember that you provided this information at an earlier date. You can detect the existence of these &#8220;cookies&#8221; and, if necessary, delete them. You can oppose the recording of cookies by disabling this function in your browser&#8217;s preferences.<\/p>\n<h2>9. Security and Confidentiality on the Network<\/h2>\n<p>Messages you send us via the Internet may be intercepted on the network. Until they reach us, their confidentiality cannot be guaranteed. Be sure not to disclose unnecessary personal or confidential information, sensitive information, or information from third parties. Furthermore, the origin of the emails we receive may be falsified. Therefore, if you wish to communicate such information to us, you must use postal mail. Consequently, no complaint, statement, or request for advice transmitted via Internet message will be taken into account. Please submit your requests exclusively by postal mail. For more information on the procedures to follow or on ongoing cases, please contact Eatology in writing. The reproduction of any documents published on the site is only authorized for the exclusive purpose of providing information for personal and private use. Any reproduction and use of copies made for other purposes are expressly prohibited. All trademarks mentioned on this site belong to their respective companies. All products, logos, and images cited on the pages of this site are the property of their respective brands.<\/p>\n<h3>Site Eatology.fr edited by:<\/h3>\n<p>Eatology<br \/>\n18 bis, impasse Marie Blanche &#8211; 75018 Paris<br \/>\nTel: 01 23 45 67 89<\/p>\n<h3>Site created by:<\/h3>\n<p>Pixel Addict &#8211; http:\/\/www.pixeladdict.fr\/<br \/>\nEmail: info@pixeladdict.fr<\/p>\n<h3>Site hosted by:<\/h3>\n<p>Infomaniak Network SA<br \/>\nRue Eug\u00e8ne-Marziano 25, 1227 Geneva &#8211; Switzerland<br \/>\nIDE &#038; VAT No: CHE-103.167.648<br \/>\nhttps:\/\/contact.infomaniak.com<\/p>\n<h3>Photo Credits:<\/h3>\n<p>Eatology<\/p>\n<p>Thomas Clot<\/p>\n<p>Peeels.com<br \/>\nPhoto by Daria Shevtsova from Pexels<br \/>\nPhoto by Ella Olsson from Pexels<br \/>\nPhoto by Alexander Mils from Pexels<br \/>\nPhoto by picjumbo.com from Pexels<br \/>\nPhoto by rawpixel.com from Pexels<br \/>\nPhoto by Artem Beliaikin from Pexels<br \/>\nPhoto by Oleg Magni from Pexels<\/p>\n<p>Pixabay.com<br \/>\nPhoto by zuzyusa from Pixabay<br \/>\n[\/et_pb_text][\/et_pb_column][et_pb_column type=&#8221;1_5&#8243; _builder_version=&#8221;4.16&#8243; custom_padding=&#8221;|||&#8221; global_colors_info=&#8221;{}&#8221; custom_padding__hover=&#8221;|||&#8221;][\/et_pb_column][\/et_pb_row][\/et_pb_section]<\/p>\n","protected":false},"excerpt":{"rendered":"<div class=\"et_pb_row et_pb_row_0 et_pb_row_empty\"><\/div>\n<p> Mentions l\u00e9gales 1. Limitation de responsabilit\u00e9 Eatology a pr\u00e9par\u00e9 le contenu de ce site avec soin et technicit\u00e9. Toutefois, Eatology ne garantie ni express\u00e9ment ni tacitement la nature ou l&#8217;exactitude des informations contenues dans ce site et ne sera en aucun cas tenue responsable d&#8217;une perte qui serait due \u00e0 l&#8217;utilisation de ce site. [&hellip;]<\/p>\n","protected":false},"author":1,"featured_media":0,"parent":0,"menu_order":0,"comment_status":"closed","ping_status":"closed","template":"","meta":{"_acf_changed":false,"_et_pb_use_builder":"on","_et_pb_old_content":"","_et_gb_content_width":"","footnotes":""},"yst_prominent_words":[246,297,38,585,111,247,291,295,293,299,294,584,296,243,292,101,249,365,244,245],"class_list":["post-224196","page","type-page","status-publish","hentry"],"acf":[],"_links":{"self":[{"href":"https:\/\/www.eatology.fr\/en\/wp-json\/wp\/v2\/pages\/224196","targetHints":{"allow":["GET"]}}],"collection":[{"href":"https:\/\/www.eatology.fr\/en\/wp-json\/wp\/v2\/pages"}],"about":[{"href":"https:\/\/www.eatology.fr\/en\/wp-json\/wp\/v2\/types\/page"}],"author":[{"embeddable":true,"href":"https:\/\/www.eatology.fr\/en\/wp-json\/wp\/v2\/users\/1"}],"replies":[{"embeddable":true,"href":"https:\/\/www.eatology.fr\/en\/wp-json\/wp\/v2\/comments?post=224196"}],"version-history":[{"count":2,"href":"https:\/\/www.eatology.fr\/en\/wp-json\/wp\/v2\/pages\/224196\/revisions"}],"predecessor-version":[{"id":225477,"href":"https:\/\/www.eatology.fr\/en\/wp-json\/wp\/v2\/pages\/224196\/revisions\/225477"}],"wp:attachment":[{"href":"https:\/\/www.eatology.fr\/en\/wp-json\/wp\/v2\/media?parent=224196"}],"wp:term":[{"taxonomy":"yst_prominent_words","embeddable":true,"href":"https:\/\/www.eatology.fr\/en\/wp-json\/wp\/v2\/yst_prominent_words?post=224196"}],"curies":[{"name":"wp","href":"https:\/\/api.w.org\/{rel}","templated":true}]}}