{"id":225361,"date":"2024-09-27T10:27:01","date_gmt":"2024-09-27T08:27:01","guid":{"rendered":"https:\/\/www.eatology.fr\/boutique\/uncategorized\/la-carte-cadeau-eatology-en\/"},"modified":"2024-09-27T10:27:09","modified_gmt":"2024-09-27T08:27:09","slug":"la-carte-cadeau-eatology-en","status":"publish","type":"product","link":"https:\/\/www.eatology.fr\/en\/boutique\/eatology-en\/la-carte-cadeau-eatology-en\/","title":{"rendered":"La Carte Cadeau Eatology (EN)"},"content":{"rendered":"<p>[et_pb_section fb_built=&#8221;1&#8243; fullwidth=&#8221;on&#8221; disabled_on=&#8221;on|off|off&#8221; _builder_version=&#8221;4.0.11&#8243;][et_pb_fullwidth_header header_fullscreen=&#8221;on&#8221; header_scroll_down=&#8221;on&#8221; scroll_down_icon=&#8221;%%2%%&#8221; scroll_down_icon_color=&#8221;#ffffff&#8221; module_class=&#8221;eat-parallax-bc&#8221; _builder_version=&#8221;4.0.11&#8243; background_image=&#8221;https:\/\/www.eatology.fr\/wp-content\/uploads\/2021\/09\/homepage-header-1-1.jpg&#8221; parallax=&#8221;on&#8221; hover_enabled=&#8221;0&#8243; box_shadow_style_image=&#8221;preset1&#8243;][\/et_pb_fullwidth_header][\/et_pb_section][et_pb_section fb_built=&#8221;1&#8243; fullwidth=&#8221;on&#8221; disabled_on=&#8221;on|on|on&#8221; admin_label=&#8221;HEADER MOBILE&#8221; _builder_version=&#8221;4.0.11&#8243; disabled=&#8221;on&#8221;][et_pb_fullwidth_image src=&#8221;https:\/\/www.eatology.fr\/wp-content\/uploads\/2021\/09\/homepage-1900-x-950-px-Story-Instagram-1-2.jpg&#8221; _builder_version=&#8221;4.0.11&#8243;][\/et_pb_fullwidth_image][\/et_pb_section][et_pb_section fb_built=&#8221;1&#8243; disabled_on=&#8221;off|on|on&#8221; admin_label=&#8221;HEADER MOBILE &#8211; 2&#8243; _builder_version=&#8221;4.0.11&#8243;][et_pb_row _builder_version=&#8221;4.0.11&#8243; parallax=&#8221;on&#8221; custom_margin=&#8221;8em||||false|false&#8221;][et_pb_column type=&#8221;4_4&#8243; _builder_version=&#8221;4.0.11&#8243;][et_pb_text admin_label=&#8221;Grand titre article&#8221; _builder_version=&#8221;4.0.11&#8243; text_orientation=&#8221;center&#8221; z_index_tablet=&#8221;500&#8243; text_text_shadow_horizontal_length_tablet=&#8221;0px&#8221; text_text_shadow_vertical_length_tablet=&#8221;0px&#8221; text_text_shadow_blur_strength_tablet=&#8221;1px&#8221; link_text_shadow_horizontal_length_tablet=&#8221;0px&#8221; link_text_shadow_vertical_length_tablet=&#8221;0px&#8221; link_text_shadow_blur_strength_tablet=&#8221;1px&#8221; ul_text_shadow_horizontal_length_tablet=&#8221;0px&#8221; ul_text_shadow_vertical_length_tablet=&#8221;0px&#8221; ul_text_shadow_blur_strength_tablet=&#8221;1px&#8221; ol_text_shadow_horizontal_length_tablet=&#8221;0px&#8221; ol_text_shadow_vertical_length_tablet=&#8221;0px&#8221; ol_text_shadow_blur_strength_tablet=&#8221;1px&#8221; quote_text_shadow_horizontal_length_tablet=&#8221;0px&#8221; quote_text_shadow_vertical_length_tablet=&#8221;0px&#8221; quote_text_shadow_blur_strength_tablet=&#8221;1px&#8221; header_text_shadow_horizontal_length_tablet=&#8221;0px&#8221; header_text_shadow_vertical_length_tablet=&#8221;0px&#8221; header_text_shadow_blur_strength_tablet=&#8221;1px&#8221; header_2_text_shadow_horizontal_length_tablet=&#8221;0px&#8221; header_2_text_shadow_vertical_length_tablet=&#8221;0px&#8221; header_2_text_shadow_blur_strength_tablet=&#8221;1px&#8221; header_3_text_shadow_horizontal_length_tablet=&#8221;0px&#8221; header_3_text_shadow_vertical_length_tablet=&#8221;0px&#8221; header_3_text_shadow_blur_strength_tablet=&#8221;1px&#8221; header_4_text_shadow_horizontal_length_tablet=&#8221;0px&#8221; header_4_text_shadow_vertical_length_tablet=&#8221;0px&#8221; header_4_text_shadow_blur_strength_tablet=&#8221;1px&#8221; header_5_text_shadow_horizontal_length_tablet=&#8221;0px&#8221; header_5_text_shadow_vertical_length_tablet=&#8221;0px&#8221; header_5_text_shadow_blur_strength_tablet=&#8221;1px&#8221; header_6_text_shadow_horizontal_length_tablet=&#8221;0px&#8221; header_6_text_shadow_vertical_length_tablet=&#8221;0px&#8221; header_6_text_shadow_blur_strength_tablet=&#8221;1px&#8221; box_shadow_horizontal_tablet=&#8221;0px&#8221; box_shadow_vertical_tablet=&#8221;0px&#8221; box_shadow_blur_tablet=&#8221;40px&#8221; box_shadow_spread_tablet=&#8221;0px&#8221;]<\/p>\n<p><span class=\"title-divider\">La Carte Cadeau Eatology<\/span><\/p>\n<p>[\/et_pb_text][\/et_pb_column][\/et_pb_row][et_pb_row disabled_on=&#8221;on|on|on&#8221; _builder_version=&#8221;4.0.11&#8243; disabled=&#8221;on&#8221;][et_pb_column type=&#8221;4_4&#8243; _builder_version=&#8221;4.0.11&#8243;][et_pb_text _builder_version=&#8221;4.0.11&#8243;]<\/p>\n<p>Un cadeau qui fait du bien.<\/p>\n<p>[\/et_pb_text][et_pb_text _builder_version=&#8221;4.0.11&#8243;]<\/p>\n<p>Au revoir les courses, au revoir la vaisselle, au revoir le contr\u00f4le des calories et les kilos superflus. Offrez \u00e0 votre ami(e) s\u00e9r\u00e9nit\u00e9, l\u00e9g\u00e8ret\u00e9 et plus de temps pour lui\/elle.<\/p>\n<p>[\/et_pb_text][\/et_pb_column][\/et_pb_row][\/et_pb_section][et_pb_section fb_built=&#8221;1&#8243; _builder_version=&#8221;4.0.11&#8243; custom_margin=&#8221;5em||||false|false&#8221; custom_margin_tablet=&#8221;&#8221; custom_margin_phone=&#8221;0px||||false|false&#8221; custom_margin_last_edited=&#8221;on|phone&#8221; custom_padding=&#8221;0px||||false|false&#8221;][et_pb_row column_structure=&#8221;1_2,1_2&#8243; _builder_version=&#8221;4.0.11&#8243; background_size=&#8221;initial&#8221; background_position=&#8221;top_left&#8221; background_repeat=&#8221;repeat&#8221; width=&#8221;100%&#8221; custom_padding=&#8221;|50px||50px|true|true&#8221;][et_pb_column type=&#8221;1_2&#8243; _builder_version=&#8221;3.25&#8243; custom_padding=&#8221;|||&#8221; custom_padding__hover=&#8221;|||&#8221;][et_pb_image src=&#8221;https:\/\/www.eatology.fr\/wp-content\/uploads\/2021\/09\/GIF-F.gif&#8221; _builder_version=&#8221;4.0.11&#8243;][\/et_pb_image][\/et_pb_column][et_pb_column type=&#8221;1_2&#8243; _builder_version=&#8221;4.0.11&#8243; custom_padding=&#8221;|||&#8221; custom_padding__hover=&#8221;|||&#8221;][et_pb_wc_title _builder_version=&#8221;3.0.47&#8243;][\/et_pb_wc_title][et_pb_wc_description _builder_version=&#8221;4.0.11&#8243; text_orientation=&#8221;justified&#8221;][\/et_pb_wc_description][\/et_pb_column][\/et_pb_row][\/et_pb_section][et_pb_section fb_built=&#8221;1&#8243; module_id=&#8221;carte-cadeau&#8221; _builder_version=&#8221;4.0.11&#8243; background_image=&#8221;https:\/\/www.eatology.fr\/wp-content\/uploads\/2021\/09\/fond-fruits-et-legumes-form.jpg&#8221; parallax=&#8221;on&#8221;][et_pb_row _builder_version=&#8221;4.0.11&#8243; parallax=&#8221;on&#8221;][et_pb_column type=&#8221;4_4&#8243; _builder_version=&#8221;4.0.11&#8243;][et_pb_text admin_label=&#8221;Grand titre article&#8221; _builder_version=&#8221;4.0.11&#8243; text_orientation=&#8221;center&#8221; z_index_tablet=&#8221;500&#8243; text_text_shadow_horizontal_length_tablet=&#8221;0px&#8221; text_text_shadow_vertical_length_tablet=&#8221;0px&#8221; text_text_shadow_blur_strength_tablet=&#8221;1px&#8221; link_text_shadow_horizontal_length_tablet=&#8221;0px&#8221; link_text_shadow_vertical_length_tablet=&#8221;0px&#8221; link_text_shadow_blur_strength_tablet=&#8221;1px&#8221; ul_text_shadow_horizontal_length_tablet=&#8221;0px&#8221; ul_text_shadow_vertical_length_tablet=&#8221;0px&#8221; ul_text_shadow_blur_strength_tablet=&#8221;1px&#8221; ol_text_shadow_horizontal_length_tablet=&#8221;0px&#8221; ol_text_shadow_vertical_length_tablet=&#8221;0px&#8221; ol_text_shadow_blur_strength_tablet=&#8221;1px&#8221; quote_text_shadow_horizontal_length_tablet=&#8221;0px&#8221; quote_text_shadow_vertical_length_tablet=&#8221;0px&#8221; quote_text_shadow_blur_strength_tablet=&#8221;1px&#8221; header_text_shadow_horizontal_length_tablet=&#8221;0px&#8221; header_text_shadow_vertical_length_tablet=&#8221;0px&#8221; header_text_shadow_blur_strength_tablet=&#8221;1px&#8221; header_2_text_shadow_horizontal_length_tablet=&#8221;0px&#8221; header_2_text_shadow_vertical_length_tablet=&#8221;0px&#8221; header_2_text_shadow_blur_strength_tablet=&#8221;1px&#8221; header_3_text_shadow_horizontal_length_tablet=&#8221;0px&#8221; header_3_text_shadow_vertical_length_tablet=&#8221;0px&#8221; header_3_text_shadow_blur_strength_tablet=&#8221;1px&#8221; header_4_text_shadow_horizontal_length_tablet=&#8221;0px&#8221; header_4_text_shadow_vertical_length_tablet=&#8221;0px&#8221; header_4_text_shadow_blur_strength_tablet=&#8221;1px&#8221; header_5_text_shadow_horizontal_length_tablet=&#8221;0px&#8221; header_5_text_shadow_vertical_length_tablet=&#8221;0px&#8221; header_5_text_shadow_blur_strength_tablet=&#8221;1px&#8221; header_6_text_shadow_horizontal_length_tablet=&#8221;0px&#8221; header_6_text_shadow_vertical_length_tablet=&#8221;0px&#8221; header_6_text_shadow_blur_strength_tablet=&#8221;1px&#8221; box_shadow_horizontal_tablet=&#8221;0px&#8221; box_shadow_vertical_tablet=&#8221;0px&#8221; box_shadow_blur_tablet=&#8221;40px&#8221; box_shadow_spread_tablet=&#8221;0px&#8221;]<\/p>\n<p><span class=\"title-divider\">A vous d&#8217;offrir !<\/span><\/p>\n<p>[\/et_pb_text][\/et_pb_column][\/et_pb_row][et_pb_row column_structure=&#8221;1_4,1_2,1_4&#8243; _builder_version=&#8221;4.0.11&#8243;][et_pb_column type=&#8221;1_4&#8243; _builder_version=&#8221;4.0.11&#8243;][\/et_pb_column][et_pb_column type=&#8221;1_2&#8243; _builder_version=&#8221;4.0.11&#8243; background_color=&#8221;#ffffff&#8221; border_radii=&#8221;on|15px|15px|15px|15px&#8221; box_shadow_style=&#8221;preset1&#8243;][et_pb_wc_add_to_cart show_quantity=&#8221;off&#8221; show_stock=&#8221;off&#8221; _builder_version=&#8221;4.0.11&#8243; body_text_color=&#8221;#666&#8243; custom_padding=&#8221;1em|1em|1em|1em|true|true&#8221; hover_transition_speed_curve=&#8221;ease-in&#8221;][\/et_pb_wc_add_to_cart][\/et_pb_column][et_pb_column type=&#8221;1_4&#8243; _builder_version=&#8221;4.0.11&#8243;][\/et_pb_column][\/et_pb_row][\/et_pb_section][et_pb_section fb_built=&#8221;1&#8243; _builder_version=&#8221;4.0.11&#8243;][et_pb_row _builder_version=&#8221;4.0.11&#8243;][et_pb_column type=&#8221;4_4&#8243; _builder_version=&#8221;4.0.11&#8243;][et_pb_text _builder_version=&#8221;4.0.11&#8243; text_orientation=&#8221;center&#8221;]<\/p>\n<p><span class=\"title-divider\">A quelles occasions offrir la carte cadeau Eatology ?<\/span><span class=\"title-aday-2\">Pour chaque instant de la vie<\/span><\/p>\n<p>[\/et_pb_text][\/et_pb_column][\/et_pb_row][et_pb_row column_structure=&#8221;1_3,1_3,1_3&#8243; use_custom_gutter=&#8221;on&#8221; gutter_width=&#8221;2&#8243; _builder_version=&#8221;4.0.11&#8243;][et_pb_column type=&#8221;1_3&#8243; _builder_version=&#8221;4.0.11&#8243;][et_pb_image src=&#8221;https:\/\/www.eatology.fr\/wp-content\/uploads\/2021\/09\/306b9861436645caf792aa2cffe9e03ahcpLpoN7ovU3UfI3-7.jpeg&#8221; _builder_version=&#8221;4.0.11&#8243;][\/et_pb_image][et_pb_image src=&#8221;https:\/\/www.eatology.fr\/wp-content\/uploads\/2021\/09\/306b9861436645caf792aa2cffe9e03ahcpLpoN7ovU3UfI3-6.jpeg&#8221; _builder_version=&#8221;4.0.11&#8243;][\/et_pb_image][\/et_pb_column][et_pb_column type=&#8221;1_3&#8243; _builder_version=&#8221;4.0.11&#8243;][et_pb_image src=&#8221;https:\/\/www.eatology.fr\/wp-content\/uploads\/2021\/09\/306b9861436645caf792aa2cffe9e03ahcpLpoN7ovU3UfI3-0.jpeg&#8221; _builder_version=&#8221;4.0.11&#8243;][\/et_pb_image][et_pb_image src=&#8221;https:\/\/www.eatology.fr\/wp-content\/uploads\/2021\/09\/306b9861436645caf792aa2cffe9e03ahcpLpoN7ovU3UfI3-3.jpeg&#8221; _builder_version=&#8221;4.0.11&#8243;][\/et_pb_image][\/et_pb_column][et_pb_column type=&#8221;1_3&#8243; _builder_version=&#8221;4.0.11&#8243;][et_pb_image src=&#8221;https:\/\/www.eatology.fr\/wp-content\/uploads\/2021\/09\/306b9861436645caf792aa2cffe9e03ahcpLpoN7ovU3UfI3-4.jpeg&#8221; _builder_version=&#8221;4.0.11&#8243;][\/et_pb_image][et_pb_image src=&#8221;https:\/\/www.eatology.fr\/wp-content\/uploads\/2021\/09\/306b9861436645caf792aa2cffe9e03ahcpLpoN7ovU3UfI3-2.jpeg&#8221; _builder_version=&#8221;4.0.11&#8243;][\/et_pb_image][\/et_pb_column][\/et_pb_row][\/et_pb_section][et_pb_section fb_built=&#8221;1&#8243; _builder_version=&#8221;4.0.11&#8243; background_color=&#8221;#4a0d66&#8243;][et_pb_row _builder_version=&#8221;4.0.11&#8243;][et_pb_column type=&#8221;4_4&#8243; _builder_version=&#8221;4.0.11&#8243;][et_pb_image src=&#8221;https:\/\/www.eatology.fr\/wp-content\/uploads\/2021\/09\/Eatology-logo-stacked-w-tagline-black.png&#8221; align=&#8221;center&#8221; _builder_version=&#8221;4.0.11&#8243; width=&#8221;50px&#8221;][\/et_pb_image][et_pb_text _builder_version=&#8221;4.0.11&#8243; text_font=&#8221;|700|||||||&#8221; text_text_color=&#8221;#ffffff&#8221; text_font_size=&#8221;15px&#8221; text_orientation=&#8221;center&#8221;]<\/p>\n<p>COMMENT CELA FONCTIONNE POUR VOTRE AMI.E ?<\/p>\n<p>[\/et_pb_text][\/et_pb_column][\/et_pb_row][et_pb_row column_structure=&#8221;1_3,1_3,1_3&#8243; _builder_version=&#8221;4.0.11&#8243;][et_pb_column type=&#8221;1_3&#8243; _builder_version=&#8221;4.0.11&#8243;][et_pb_text _builder_version=&#8221;4.0.11&#8243; text_font=&#8221;|700|||||||&#8221; text_text_color=&#8221;#4a0d66&#8243; text_font_size=&#8221;30px&#8221; background_color=&#8221;#ffffff&#8221; max_width=&#8221;60px&#8221; height=&#8221;60px&#8221; custom_css_main_element=&#8221;display: flex;||justify-content: center;||align-items: center;||margin-left: auto;||margin-right: auto;&#8221; border_radii=&#8221;on|50%|50%|50%|50%&#8221;]1[\/et_pb_text][et_pb_text _builder_version=&#8221;4.0.11&#8243; text_text_color=&#8221;#ffffff&#8221; text_font_size=&#8221;20px&#8221; text_orientation=&#8221;center&#8221;]Il choisit son programme et sa date de livraison, il a carte blanche.[\/et_pb_text][\/et_pb_column][et_pb_column type=&#8221;1_3&#8243; _builder_version=&#8221;4.0.11&#8243;][et_pb_text _builder_version=&#8221;4.0.11&#8243; text_font=&#8221;|700|||||||&#8221; text_text_color=&#8221;#4a0d66&#8243; text_font_size=&#8221;30px&#8221; background_color=&#8221;#ffffff&#8221; text_orientation=&#8221;justified&#8221; max_width=&#8221;60px&#8221; height=&#8221;60px&#8221; custom_css_main_element=&#8221;display: flex;||justify-content: center;||align-items: center;||margin-left: auto;||margin-right: auto;&#8221; border_radii=&#8221;on|50%|50%|50%|50%&#8221;]2[\/et_pb_text][et_pb_text _builder_version=&#8221;4.0.11&#8243; text_text_color=&#8221;#ffffff&#8221; text_font_size=&#8221;20px&#8221; text_orientation=&#8221;center&#8221;]Il copie le num\u00e9ro re\u00e7u et le colle dans le panier lors de son achat. Rien de plus simple.[\/et_pb_text][\/et_pb_column][et_pb_column type=&#8221;1_3&#8243; _builder_version=&#8221;4.0.11&#8243;][et_pb_text _builder_version=&#8221;4.0.11&#8243; text_font=&#8221;|700|||||||&#8221; text_text_color=&#8221;#4a0d66&#8243; text_font_size=&#8221;30px&#8221; background_color=&#8221;#ffffff&#8221; text_orientation=&#8221;justified&#8221; max_width=&#8221;60px&#8221; height=&#8221;60px&#8221; custom_css_main_element=&#8221;display: flex;||justify-content: center;||align-items: center;||margin-left: auto;||margin-right: auto;&#8221; border_radii=&#8221;on|50%|50%|50%|50%&#8221;]3[\/et_pb_text][et_pb_text _builder_version=&#8221;4.0.11&#8243; text_text_color=&#8221;#ffffff&#8221; text_font_size=&#8221;20px&#8221; text_orientation=&#8221;center&#8221;]Il savoure votre d\u00e9licieux cadeaux. Il ne vous remerciera jamais assez ![\/et_pb_text][\/et_pb_column][\/et_pb_row][et_pb_row _builder_version=&#8221;4.0.11&#8243;][et_pb_column type=&#8221;4_4&#8243; _builder_version=&#8221;4.0.11&#8243;][et_pb_button button_url=&#8221;#carte-cadeau&#8221; button_text=&#8221;OFFRIR LA CARTE CADEAU&#8221; button_alignment=&#8221;center&#8221; _builder_version=&#8221;4.0.11&#8243; background_layout=&#8221;dark&#8221;][\/et_pb_button][et_pb_divider disabled_on=&#8221;off|on|on&#8221; _builder_version=&#8221;4.0.11&#8243;][\/et_pb_divider][\/et_pb_column][\/et_pb_row][\/et_pb_section]<\/p>\n","protected":false},"excerpt":{"rendered":"<p style=\"text-align: justify\">Vous \u00eates sur le point d&#8217;offrir le cadeau id\u00e9al !<\/p>\n<p>Avec cette carte l&#8217;heureux ami.e pourra profiter pleinement des programmes Eatology qui vont lui simplifier la vie en gagnant du temps pour s&#8217;occuper de lui et garder la forme. Votre ami.e vous remerciera chaque jours !<br \/>\nIl recevra tous les jours des <strong>plats \u00e9tudi\u00e9es par nos nutritionnistes<\/strong>, <strong>cuisin\u00e9s tous les jours par nos chefs<\/strong> exclusivement avec des <strong>produits frais<\/strong> et<strong> livr\u00e9s tous les jours.<\/strong> <!--par les meilleurs livreurs d'Ile de France.--><\/p>\n<p>La carte cadeaux Eatology est le <strong>cadeau id\u00e9al, simple et pratique<\/strong>, pour faire plaisir \u00e0 tous les coups \u00e0 vos proches et amis. Adieu les courses, la vaisselle et les kilos superflus !&lt;!&#8211;<strong>Cadeau de No\u00ebl ? Anniversaire ? Mariage ? Naissance ?<br \/>\n<\/strong>Nous avons pens\u00e9 cette carte cadeau pour toutes les occasions. Elle est pas belle la vie avec Eatology ?<\/p>\n<p>Vous ne savez pas quel programme choisir ? \u00c7a tombe bien car c\u2019est \u00e0 eux de choisir !&#8211;&gt;<\/p>\n<p><strong>On vous le dit, la carte cadeau Eatology est le cadeau id\u00e9al !<\/strong><\/p>\n<p><span style=\"font-size:0.8em\"><em>Les cartes cadeaux sont livr\u00e9es par e-mail et contiennent les instructions pour les utiliser en quelques clics.<\/em><\/span><\/p>\n","protected":false},"featured_media":50119,"template":"","meta":{"_acf_changed":false,"_et_pb_use_builder":"on","_et_pb_old_content":"","_et_gb_content_width":""},"product_brand":[],"product_cat":[6063],"product_tag":[],"yst_prominent_words":[5456,5473,5457,5472,5471,38,5454],"class_list":{"0":"post-225361","1":"product","2":"type-product","3":"status-publish","4":"has-post-thumbnail","6":"product_cat-eatology-en","8":"first","9":"instock","10":"purchasable","11":"product-type-pw-gift-card"},"acf":[],"_links":{"self":[{"href":"https:\/\/www.eatology.fr\/en\/wp-json\/wp\/v2\/product\/225361","targetHints":{"allow":["GET"]}}],"collection":[{"href":"https:\/\/www.eatology.fr\/en\/wp-json\/wp\/v2\/product"}],"about":[{"href":"https:\/\/www.eatology.fr\/en\/wp-json\/wp\/v2\/types\/product"}],"wp:featuredmedia":[{"embeddable":true,"href":"https:\/\/www.eatology.fr\/en\/wp-json\/wp\/v2\/media\/50119"}],"wp:attachment":[{"href":"https:\/\/www.eatology.fr\/en\/wp-json\/wp\/v2\/media?parent=225361"}],"wp:term":[{"taxonomy":"product_brand","embeddable":true,"href":"https:\/\/www.eatology.fr\/en\/wp-json\/wp\/v2\/product_brand?post=225361"},{"taxonomy":"product_cat","embeddable":true,"href":"https:\/\/www.eatology.fr\/en\/wp-json\/wp\/v2\/product_cat?post=225361"},{"taxonomy":"product_tag","embeddable":true,"href":"https:\/\/www.eatology.fr\/en\/wp-json\/wp\/v2\/product_tag?post=225361"},{"taxonomy":"yst_prominent_words","embeddable":true,"href":"https:\/\/www.eatology.fr\/en\/wp-json\/wp\/v2\/yst_prominent_words?post=225361"}],"curies":[{"name":"wp","href":"https:\/\/api.w.org\/{rel}","templated":true}]}}